{"id":14,"date":"2025-07-02T21:33:47","date_gmt":"2025-07-02T19:33:47","guid":{"rendered":"https:\/\/aksayplatform.com\/shop\/?page_id=14"},"modified":"2026-04-10T20:12:16","modified_gmt":"2026-04-10T18:12:16","slug":"nous-contacter","status":"publish","type":"page","link":"https:\/\/aksayplatform.com\/shop\/nous-contacter\/","title":{"rendered":"Nous contacter"},"content":{"rendered":"<p>[et_pb_section fb_built=\u00a0\u00bb1&Prime; _builder_version=\u00a0\u00bb4.27.6&Prime; _module_preset=\u00a0\u00bbdefault\u00a0\u00bb global_colors_info=\u00a0\u00bb{}\u00a0\u00bb][et_pb_row _builder_version=\u00a0\u00bb4.27.6&Prime; _module_preset=\u00a0\u00bb5d974bfa-698e-42ab-9501-235500d79731&Prime; global_colors_info=\u00a0\u00bb{}\u00a0\u00bb][et_pb_column type=\u00a0\u00bb4_4&Prime; _builder_version=\u00a0\u00bb4.27.6&Prime; _module_preset=\u00a0\u00bbdefault\u00a0\u00bb global_colors_info=\u00a0\u00bb{}\u00a0\u00bb][et_pb_text _builder_version=\u00a0\u00bb4.27.6&Prime; _module_preset=\u00a0\u00bbd9694ee0-918b-4923-a10b-f9ba74b8b9f3&Prime; custom_margin=\u00a0\u00bb||60px||false|false\u00a0\u00bb custom_margin_tablet=\u00a0\u00bb||40px||false|false\u00a0\u00bb custom_margin_phone=\u00a0\u00bb||30px||false|false\u00a0\u00bb custom_margin_last_edited=\u00a0\u00bbon|phone\u00a0\u00bb global_colors_info=\u00a0\u00bb{}\u00a0\u00bb]<\/p>\n<p><span data-token-index=\"0\" class=\"notion-enable-hover\">Contactez-nous<\/span><!-- notionvc: 9ed1df66-9c89-48b8-ac90-97657f5d17b4 --><\/p>\n<p>[\/et_pb_text][et_pb_text _builder_version=\u00a0\u00bb4.27.6&Prime; _module_preset=\u00a0\u00bbafce73a0-39ab-45a0-a0e3-f77e15b7e6cf\u00a0\u00bb custom_margin=\u00a0\u00bb||60px||false|false\u00a0\u00bb custom_margin_tablet=\u00a0\u00bb||40px||false|false\u00a0\u00bb custom_margin_phone=\u00a0\u00bb||30px||false|false\u00a0\u00bb custom_margin_last_edited=\u00a0\u00bbon|phone\u00a0\u00bb global_colors_info=\u00a0\u00bb{}\u00a0\u00bb]<\/p>\n<p>Vous avez une question sp\u00e9cifique ? Notre \u00e9quipe est l\u00e0 pour vous r\u00e9pondre.<\/p>\n<p>[\/et_pb_text][et_pb_text _builder_version=\u00a0\u00bb4.27.6&Prime; _module_preset=\u00a0\u00bbabf66dc0-518f-433c-a49c-a015c6477e41&Prime; global_colors_info=\u00a0\u00bb{}\u00a0\u00bb]<\/p>\n<p><span data-token-index=\"0\" class=\"notion-enable-hover\">Nos points de contact direct<\/span><!-- notionvc: 97454924-a65c-490c-9b11-18d4386e47d3 --><\/p>\n<p>[\/et_pb_text][et_pb_text _builder_version=\u00a0\u00bb4.27.6&Prime; _module_preset=\u00a0\u00bbafce73a0-39ab-45a0-a0e3-f77e15b7e6cf\u00a0\u00bb text_font=\u00a0\u00bb|600|||||||\u00a0\u00bb text_text_color=\u00a0\u00bb#0056B3&Prime; text_font_size=\u00a0\u00bb18px\u00a0\u00bb hover_enabled=\u00a0\u00bb0&Prime; text_font_size_tablet=\u00a0\u00bb18px\u00a0\u00bb text_font_size_phone=\u00a0\u00bb16px\u00a0\u00bb global_colors_info=\u00a0\u00bb{}\u00a0\u00bb sticky_enabled=\u00a0\u00bb0&Prime;]<\/p>\n<p><span data-token-index=\"0\" class=\"notion-enable-hover\">Whatsapp \/ Appel T\u00e9l\u00e9phonique<\/span><\/p>\n<p>[\/et_pb_text][et_pb_text _builder_version=\u00a0\u00bb4.27.6&Prime; _module_preset=\u00a0\u00bbafce73a0-39ab-45a0-a0e3-f77e15b7e6cf\u00a0\u00bb global_colors_info=\u00a0\u00bb{}\u00a0\u00bb]<\/p>\n<p><span data-token-index=\"0\" class=\"notion-enable-hover\">+243 890 234 234<\/span><!-- notionvc: f75e8237-bb9b-47db-85c3-aada52c80e18 --><\/p>\n<p><span data-token-index=\"0\" class=\"notion-enable-hover\">(Du lundi au vendredi, de 8h \u00e0 17h &#8211; Samedi, de 8h \u00e0 12h)<\/span><\/p>\n<p>[\/et_pb_text][et_pb_text _builder_version=\u00a0\u00bb4.27.6&Prime; _module_preset=\u00a0\u00bbafce73a0-39ab-45a0-a0e3-f77e15b7e6cf\u00a0\u00bb text_font=\u00a0\u00bb|600|||||||\u00a0\u00bb text_text_color=\u00a0\u00bb#0056B3&Prime; text_font_size=\u00a0\u00bb18px\u00a0\u00bb hover_enabled=\u00a0\u00bb0&Prime; text_font_size_tablet=\u00a0\u00bb18px\u00a0\u00bb text_font_size_phone=\u00a0\u00bb16px\u00a0\u00bb global_colors_info=\u00a0\u00bb{}\u00a0\u00bb sticky_enabled=\u00a0\u00bb0&Prime;]<\/p>\n<p><span data-token-index=\"0\" class=\"notion-enable-hover\">E-mail<\/span><\/p>\n<p>[\/et_pb_text][et_pb_text _builder_version=\u00a0\u00bb4.27.6&Prime; _module_preset=\u00a0\u00bbafce73a0-39ab-45a0-a0e3-f77e15b7e6cf\u00a0\u00bb global_colors_info=\u00a0\u00bb{}\u00a0\u00bb]<\/p>\n<p><span data-token-index=\"0\" class=\"notion-enable-hover\">contact@aksayplatform.com<\/span><\/p>\n<p>[\/et_pb_text][et_pb_text _builder_version=\u00a0\u00bb4.27.6&Prime; _module_preset=\u00a0\u00bbabf66dc0-518f-433c-a49c-a015c6477e41&Prime; custom_padding=\u00a0\u00bb30px||||false|false\u00a0\u00bb custom_padding_tablet=\u00a0\u00bb30px||||false|false\u00a0\u00bb custom_padding_phone=\u00a0\u00bb25px||||false|false\u00a0\u00bb custom_padding_last_edited=\u00a0\u00bbon|phone\u00a0\u00bb global_colors_info=\u00a0\u00bb{}\u00a0\u00bb]<\/p>\n<p><span data-token-index=\"0\" class=\"notion-enable-hover\">O\u00f9 nous trouver ?<\/span><!-- notionvc: 97454924-a65c-490c-9b11-18d4386e47d3 --><\/p>\n<p>[\/et_pb_text][et_pb_text _builder_version=\u00a0\u00bb4.27.6&Prime; _module_preset=\u00a0\u00bbafce73a0-39ab-45a0-a0e3-f77e15b7e6cf\u00a0\u00bb text_font=\u00a0\u00bb|600|||||||\u00a0\u00bb text_text_color=\u00a0\u00bb#0056B3&Prime; text_font_size=\u00a0\u00bb18px\u00a0\u00bb hover_enabled=\u00a0\u00bb0&Prime; text_font_size_tablet=\u00a0\u00bb18px\u00a0\u00bb text_font_size_phone=\u00a0\u00bb16px\u00a0\u00bb global_colors_info=\u00a0\u00bb{}\u00a0\u00bb sticky_enabled=\u00a0\u00bb0&Prime;]<\/p>\n<p>Si\u00e8ge social<\/p>\n<p>[\/et_pb_text][et_pb_text _builder_version=\u00a0\u00bb4.27.6&Prime; _module_preset=\u00a0\u00bbafce73a0-39ab-45a0-a0e3-f77e15b7e6cf\u00a0\u00bb global_colors_info=\u00a0\u00bb{}\u00a0\u00bb]<\/p>\n<p>122, Avenue Ambroise, Quartier Plateau Karavia, Commune Annexe,<br \/>Lubumbashi, R\u00e9publique D\u00e9mocratique du Congo.<\/p>\n<p>[\/et_pb_text][\/et_pb_column][\/et_pb_row][\/et_pb_section]<\/p>\n","protected":false},"excerpt":{"rendered":"<p>Contactez-nousVous avez une question sp\u00e9cifique ? Notre \u00e9quipe est l\u00e0 pour vous r\u00e9pondre.Nos points de contact directWhatsapp \/ Appel T\u00e9l\u00e9phonique+243 890 234 234 (Du lundi au vendredi, de 8h \u00e0 17h &#8211; Samedi, de 8h \u00e0 12h)E-mailcontact@aksayplatform.comO\u00f9 nous trouver ?Si\u00e8ge social122, Avenue Ambroise, Quartier Plateau Karavia, Commune Annexe,Lubumbashi, R\u00e9publique D\u00e9mocratique du Congo.<\/p>\n","protected":false},"author":1,"featured_media":0,"parent":0,"menu_order":0,"comment_status":"closed","ping_status":"closed","template":"","meta":{"_et_pb_use_builder":"on","_et_pb_old_content":"<!-- wp:divi\/placeholder \/-->","_et_gb_content_width":"","footnotes":""},"class_list":["post-14","page","type-page","status-publish","hentry"],"yoast_head":"<!-- This site is optimized with the Yoast SEO plugin v26.1.1 - https:\/\/yoast.com\/wordpress\/plugins\/seo\/ -->\n<title>Nous contacter - Aksay Shop<\/title>\n<meta name=\"robots\" content=\"index, follow, max-snippet:-1, max-image-preview:large, max-video-preview:-1\" \/>\n<link rel=\"canonical\" href=\"https:\/\/aksayplatform.com\/shop\/nous-contacter\/\" \/>\n<meta property=\"og:locale\" content=\"fr_FR\" \/>\n<meta property=\"og:type\" content=\"article\" \/>\n<meta property=\"og:title\" content=\"Nous contacter - Aksay Shop\" \/>\n<meta property=\"og:description\" content=\"Contactez-nousVous avez une question sp\u00e9cifique ? Notre \u00e9quipe est l\u00e0 pour vous r\u00e9pondre.Nos points de contact directWhatsapp \/ Appel T\u00e9l\u00e9phonique+243 890 234 234 (Du lundi au vendredi, de 8h \u00e0 17h - Samedi, de 8h \u00e0 12h)E-mailcontact@aksayplatform.comO\u00f9 nous trouver ?Si\u00e8ge social122, Avenue Ambroise, Quartier Plateau Karavia, Commune Annexe,Lubumbashi, R\u00e9publique D\u00e9mocratique du Congo.\" \/>\n<meta property=\"og:url\" content=\"https:\/\/aksayplatform.com\/shop\/nous-contacter\/\" \/>\n<meta property=\"og:site_name\" content=\"Aksay Shop\" \/>\n<meta property=\"article:publisher\" content=\"https:\/\/www.facebook.com\/share\/16j2FCKecf\/\" \/>\n<meta property=\"article:modified_time\" content=\"2026-04-10T18:12:16+00:00\" \/>\n<meta name=\"twitter:card\" content=\"summary_large_image\" \/>\n<meta name=\"twitter:label1\" content=\"Dur\u00e9e de lecture estim\u00e9e\" \/>\n\t<meta name=\"twitter:data1\" content=\"2 minutes\" \/>\n<script type=\"application\/ld+json\" class=\"yoast-schema-graph\">{\"@context\":\"https:\/\/schema.org\",\"@graph\":[{\"@type\":\"WebPage\",\"@id\":\"https:\/\/aksayplatform.com\/shop\/nous-contacter\/\",\"url\":\"https:\/\/aksayplatform.com\/shop\/nous-contacter\/\",\"name\":\"Nous contacter - Aksay Shop\",\"isPartOf\":{\"@id\":\"https:\/\/aksayplatform.com\/shop\/#website\"},\"datePublished\":\"2025-07-02T19:33:47+00:00\",\"dateModified\":\"2026-04-10T18:12:16+00:00\",\"breadcrumb\":{\"@id\":\"https:\/\/aksayplatform.com\/shop\/nous-contacter\/#breadcrumb\"},\"inLanguage\":\"fr-FR\",\"potentialAction\":[{\"@type\":\"ReadAction\",\"target\":[\"https:\/\/aksayplatform.com\/shop\/nous-contacter\/\"]}]},{\"@type\":\"BreadcrumbList\",\"@id\":\"https:\/\/aksayplatform.com\/shop\/nous-contacter\/#breadcrumb\",\"itemListElement\":[{\"@type\":\"ListItem\",\"position\":1,\"name\":\"Accueil\",\"item\":\"https:\/\/aksayplatform.com\/shop\/\"},{\"@type\":\"ListItem\",\"position\":2,\"name\":\"Nous contacter\"}]},{\"@type\":\"WebSite\",\"@id\":\"https:\/\/aksayplatform.com\/shop\/#website\",\"url\":\"https:\/\/aksayplatform.com\/shop\/\",\"name\":\"Aksay Platform\",\"description\":\"Plateforme N\u00b01 de digitalisation des business\",\"publisher\":{\"@id\":\"https:\/\/aksayplatform.com\/shop\/#organization\"},\"potentialAction\":[{\"@type\":\"SearchAction\",\"target\":{\"@type\":\"EntryPoint\",\"urlTemplate\":\"https:\/\/aksayplatform.com\/shop\/?s={search_term_string}\"},\"query-input\":{\"@type\":\"PropertyValueSpecification\",\"valueRequired\":true,\"valueName\":\"search_term_string\"}}],\"inLanguage\":\"fr-FR\"},{\"@type\":\"Organization\",\"@id\":\"https:\/\/aksayplatform.com\/shop\/#organization\",\"name\":\"Aksay Platform\",\"url\":\"https:\/\/aksayplatform.com\/shop\/\",\"logo\":{\"@type\":\"ImageObject\",\"inLanguage\":\"fr-FR\",\"@id\":\"https:\/\/aksayplatform.com\/shop\/#\/schema\/logo\/image\/\",\"url\":\"https:\/\/aksayplatform.com\/shop\/wp-content\/uploads\/2025\/07\/Aksay-Platform-logo-transparent-pour-fond-blanc.png\",\"contentUrl\":\"https:\/\/aksayplatform.com\/shop\/wp-content\/uploads\/2025\/07\/Aksay-Platform-logo-transparent-pour-fond-blanc.png\",\"width\":1080,\"height\":126,\"caption\":\"Aksay Platform\"},\"image\":{\"@id\":\"https:\/\/aksayplatform.com\/shop\/#\/schema\/logo\/image\/\"},\"sameAs\":[\"https:\/\/www.facebook.com\/share\/16j2FCKecf\/\"]}]}<\/script>\n<!-- \/ Yoast SEO plugin. -->","yoast_head_json":{"title":"Nous contacter - Aksay Shop","robots":{"index":"index","follow":"follow","max-snippet":"max-snippet:-1","max-image-preview":"max-image-preview:large","max-video-preview":"max-video-preview:-1"},"canonical":"https:\/\/aksayplatform.com\/shop\/nous-contacter\/","og_locale":"fr_FR","og_type":"article","og_title":"Nous contacter - Aksay Shop","og_description":"Contactez-nousVous avez une question sp\u00e9cifique ? Notre \u00e9quipe est l\u00e0 pour vous r\u00e9pondre.Nos points de contact directWhatsapp \/ Appel T\u00e9l\u00e9phonique+243 890 234 234 (Du lundi au vendredi, de 8h \u00e0 17h - Samedi, de 8h \u00e0 12h)E-mailcontact@aksayplatform.comO\u00f9 nous trouver ?Si\u00e8ge social122, Avenue Ambroise, Quartier Plateau Karavia, Commune Annexe,Lubumbashi, R\u00e9publique D\u00e9mocratique du Congo.","og_url":"https:\/\/aksayplatform.com\/shop\/nous-contacter\/","og_site_name":"Aksay Shop","article_publisher":"https:\/\/www.facebook.com\/share\/16j2FCKecf\/","article_modified_time":"2026-04-10T18:12:16+00:00","twitter_card":"summary_large_image","twitter_misc":{"Dur\u00e9e de lecture estim\u00e9e":"2 minutes"},"schema":{"@context":"https:\/\/schema.org","@graph":[{"@type":"WebPage","@id":"https:\/\/aksayplatform.com\/shop\/nous-contacter\/","url":"https:\/\/aksayplatform.com\/shop\/nous-contacter\/","name":"Nous contacter - Aksay Shop","isPartOf":{"@id":"https:\/\/aksayplatform.com\/shop\/#website"},"datePublished":"2025-07-02T19:33:47+00:00","dateModified":"2026-04-10T18:12:16+00:00","breadcrumb":{"@id":"https:\/\/aksayplatform.com\/shop\/nous-contacter\/#breadcrumb"},"inLanguage":"fr-FR","potentialAction":[{"@type":"ReadAction","target":["https:\/\/aksayplatform.com\/shop\/nous-contacter\/"]}]},{"@type":"BreadcrumbList","@id":"https:\/\/aksayplatform.com\/shop\/nous-contacter\/#breadcrumb","itemListElement":[{"@type":"ListItem","position":1,"name":"Accueil","item":"https:\/\/aksayplatform.com\/shop\/"},{"@type":"ListItem","position":2,"name":"Nous contacter"}]},{"@type":"WebSite","@id":"https:\/\/aksayplatform.com\/shop\/#website","url":"https:\/\/aksayplatform.com\/shop\/","name":"Aksay Platform","description":"Plateforme N\u00b01 de digitalisation des business","publisher":{"@id":"https:\/\/aksayplatform.com\/shop\/#organization"},"potentialAction":[{"@type":"SearchAction","target":{"@type":"EntryPoint","urlTemplate":"https:\/\/aksayplatform.com\/shop\/?s={search_term_string}"},"query-input":{"@type":"PropertyValueSpecification","valueRequired":true,"valueName":"search_term_string"}}],"inLanguage":"fr-FR"},{"@type":"Organization","@id":"https:\/\/aksayplatform.com\/shop\/#organization","name":"Aksay Platform","url":"https:\/\/aksayplatform.com\/shop\/","logo":{"@type":"ImageObject","inLanguage":"fr-FR","@id":"https:\/\/aksayplatform.com\/shop\/#\/schema\/logo\/image\/","url":"https:\/\/aksayplatform.com\/shop\/wp-content\/uploads\/2025\/07\/Aksay-Platform-logo-transparent-pour-fond-blanc.png","contentUrl":"https:\/\/aksayplatform.com\/shop\/wp-content\/uploads\/2025\/07\/Aksay-Platform-logo-transparent-pour-fond-blanc.png","width":1080,"height":126,"caption":"Aksay Platform"},"image":{"@id":"https:\/\/aksayplatform.com\/shop\/#\/schema\/logo\/image\/"},"sameAs":["https:\/\/www.facebook.com\/share\/16j2FCKecf\/"]}]}},"_links":{"self":[{"href":"https:\/\/aksayplatform.com\/shop\/wp-json\/wp\/v2\/pages\/14","targetHints":{"allow":["GET"]}}],"collection":[{"href":"https:\/\/aksayplatform.com\/shop\/wp-json\/wp\/v2\/pages"}],"about":[{"href":"https:\/\/aksayplatform.com\/shop\/wp-json\/wp\/v2\/types\/page"}],"author":[{"embeddable":true,"href":"https:\/\/aksayplatform.com\/shop\/wp-json\/wp\/v2\/users\/1"}],"replies":[{"embeddable":true,"href":"https:\/\/aksayplatform.com\/shop\/wp-json\/wp\/v2\/comments?post=14"}],"version-history":[{"count":14,"href":"https:\/\/aksayplatform.com\/shop\/wp-json\/wp\/v2\/pages\/14\/revisions"}],"predecessor-version":[{"id":565,"href":"https:\/\/aksayplatform.com\/shop\/wp-json\/wp\/v2\/pages\/14\/revisions\/565"}],"wp:attachment":[{"href":"https:\/\/aksayplatform.com\/shop\/wp-json\/wp\/v2\/media?parent=14"}],"curies":[{"name":"wp","href":"https:\/\/api.w.org\/{rel}","templated":true}]}}