{"id":12,"date":"2025-07-02T21:02:22","date_gmt":"2025-07-02T19:02:22","guid":{"rendered":"https:\/\/aksayplatform.com\/shop\/?page_id=12"},"modified":"2025-07-04T22:44:36","modified_gmt":"2025-07-04T20:44:36","slug":"a-propos-de-nous","status":"publish","type":"page","link":"https:\/\/aksayplatform.com\/shop\/a-propos-de-nous\/","title":{"rendered":"A propos de nous"},"content":{"rendered":"<p>[et_pb_section fb_built=\u00a0\u00bb1&Prime; _builder_version=\u00a0\u00bb4.27.4&Prime; _module_preset=\u00a0\u00bbdefault\u00a0\u00bb custom_padding=\u00a0\u00bb222px||222px||true|false\u00a0\u00bb global_colors_info=\u00a0\u00bb{}\u00a0\u00bb theme_builder_area=\u00a0\u00bbpost_content\u00a0\u00bb][et_pb_row _builder_version=\u00a0\u00bb4.27.4&Prime; _module_preset=\u00a0\u00bbdefault\u00a0\u00bb global_colors_info=\u00a0\u00bb{}\u00a0\u00bb theme_builder_area=\u00a0\u00bbpost_content\u00a0\u00bb][et_pb_column type=\u00a0\u00bb4_4&Prime; _builder_version=\u00a0\u00bb4.27.4&Prime; _module_preset=\u00a0\u00bbdefault\u00a0\u00bb global_colors_info=\u00a0\u00bb{}\u00a0\u00bb theme_builder_area=\u00a0\u00bbpost_content\u00a0\u00bb][et_pb_text _builder_version=\u00a0\u00bb4.27.4&Prime; _module_preset=\u00a0\u00bbdefault\u00a0\u00bb text_text_color=\u00a0\u00bb#131A26&Prime; text_font_size=\u00a0\u00bb30px\u00a0\u00bb text_font_size_tablet=\u00a0\u00bb25px\u00a0\u00bb text_font_size_phone=\u00a0\u00bb20px\u00a0\u00bb text_font_size_last_edited=\u00a0\u00bbon|phone\u00a0\u00bb global_colors_info=\u00a0\u00bb{}\u00a0\u00bb theme_builder_area=\u00a0\u00bbpost_content\u00a0\u00bb]<\/p>\n<p>D\u00e9sol\u00e9, nous travaillons encore \u00e0 la r\u00e9alisation de cette page.<\/p>\n<div id=\"ag-1751661590015\"><\/div>\n<p>[\/et_pb_text][\/et_pb_column][\/et_pb_row][\/et_pb_section]<\/p>\n","protected":false},"excerpt":{"rendered":"<p>D\u00e9sol\u00e9, nous travaillons encore \u00e0 la r\u00e9alisation de cette page.<\/p>\n","protected":false},"author":1,"featured_media":0,"parent":0,"menu_order":0,"comment_status":"closed","ping_status":"closed","template":"","meta":{"_et_pb_use_builder":"on","_et_pb_old_content":"<!-- wp:divi\/placeholder \/-->","_et_gb_content_width":"","footnotes":""},"class_list":["post-12","page","type-page","status-publish","hentry"],"yoast_head":"<!-- This site is optimized with the Yoast SEO plugin v26.1.1 - https:\/\/yoast.com\/wordpress\/plugins\/seo\/ -->\n<title>A propos de nous - Aksay Shop<\/title>\n<meta name=\"robots\" content=\"index, follow, max-snippet:-1, max-image-preview:large, max-video-preview:-1\" \/>\n<link rel=\"canonical\" href=\"https:\/\/aksayplatform.com\/shop\/a-propos-de-nous\/\" \/>\n<meta property=\"og:locale\" content=\"fr_FR\" \/>\n<meta property=\"og:type\" content=\"article\" \/>\n<meta property=\"og:title\" content=\"A propos de nous - Aksay Shop\" \/>\n<meta property=\"og:description\" content=\"D\u00e9sol\u00e9, nous travaillons encore \u00e0 la r\u00e9alisation de cette page.\" \/>\n<meta property=\"og:url\" content=\"https:\/\/aksayplatform.com\/shop\/a-propos-de-nous\/\" \/>\n<meta property=\"og:site_name\" content=\"Aksay Shop\" \/>\n<meta property=\"article:publisher\" content=\"https:\/\/www.facebook.com\/share\/16j2FCKecf\/\" \/>\n<meta property=\"article:modified_time\" content=\"2025-07-04T20:44:36+00:00\" \/>\n<meta name=\"twitter:card\" content=\"summary_large_image\" \/>\n<meta name=\"twitter:label1\" content=\"Dur\u00e9e de lecture estim\u00e9e\" \/>\n\t<meta name=\"twitter:data1\" content=\"1 minute\" \/>\n<script type=\"application\/ld+json\" class=\"yoast-schema-graph\">{\"@context\":\"https:\/\/schema.org\",\"@graph\":[{\"@type\":\"WebPage\",\"@id\":\"https:\/\/aksayplatform.com\/shop\/a-propos-de-nous\/\",\"url\":\"https:\/\/aksayplatform.com\/shop\/a-propos-de-nous\/\",\"name\":\"A propos de nous - Aksay Shop\",\"isPartOf\":{\"@id\":\"https:\/\/aksayplatform.com\/shop\/#website\"},\"datePublished\":\"2025-07-02T19:02:22+00:00\",\"dateModified\":\"2025-07-04T20:44:36+00:00\",\"breadcrumb\":{\"@id\":\"https:\/\/aksayplatform.com\/shop\/a-propos-de-nous\/#breadcrumb\"},\"inLanguage\":\"fr-FR\",\"potentialAction\":[{\"@type\":\"ReadAction\",\"target\":[\"https:\/\/aksayplatform.com\/shop\/a-propos-de-nous\/\"]}]},{\"@type\":\"BreadcrumbList\",\"@id\":\"https:\/\/aksayplatform.com\/shop\/a-propos-de-nous\/#breadcrumb\",\"itemListElement\":[{\"@type\":\"ListItem\",\"position\":1,\"name\":\"Accueil\",\"item\":\"https:\/\/aksayplatform.com\/shop\/\"},{\"@type\":\"ListItem\",\"position\":2,\"name\":\"A propos de nous\"}]},{\"@type\":\"WebSite\",\"@id\":\"https:\/\/aksayplatform.com\/shop\/#website\",\"url\":\"https:\/\/aksayplatform.com\/shop\/\",\"name\":\"Aksay Platform\",\"description\":\"Plateforme N\u00b01 de digitalisation des business\",\"publisher\":{\"@id\":\"https:\/\/aksayplatform.com\/shop\/#organization\"},\"potentialAction\":[{\"@type\":\"SearchAction\",\"target\":{\"@type\":\"EntryPoint\",\"urlTemplate\":\"https:\/\/aksayplatform.com\/shop\/?s={search_term_string}\"},\"query-input\":{\"@type\":\"PropertyValueSpecification\",\"valueRequired\":true,\"valueName\":\"search_term_string\"}}],\"inLanguage\":\"fr-FR\"},{\"@type\":\"Organization\",\"@id\":\"https:\/\/aksayplatform.com\/shop\/#organization\",\"name\":\"Aksay Platform\",\"url\":\"https:\/\/aksayplatform.com\/shop\/\",\"logo\":{\"@type\":\"ImageObject\",\"inLanguage\":\"fr-FR\",\"@id\":\"https:\/\/aksayplatform.com\/shop\/#\/schema\/logo\/image\/\",\"url\":\"https:\/\/aksayplatform.com\/shop\/wp-content\/uploads\/2025\/07\/Aksay-Platform-logo-transparent-pour-fond-blanc.png\",\"contentUrl\":\"https:\/\/aksayplatform.com\/shop\/wp-content\/uploads\/2025\/07\/Aksay-Platform-logo-transparent-pour-fond-blanc.png\",\"width\":1080,\"height\":126,\"caption\":\"Aksay Platform\"},\"image\":{\"@id\":\"https:\/\/aksayplatform.com\/shop\/#\/schema\/logo\/image\/\"},\"sameAs\":[\"https:\/\/www.facebook.com\/share\/16j2FCKecf\/\"]}]}<\/script>\n<!-- \/ Yoast SEO plugin. -->","yoast_head_json":{"title":"A propos de nous - Aksay Shop","robots":{"index":"index","follow":"follow","max-snippet":"max-snippet:-1","max-image-preview":"max-image-preview:large","max-video-preview":"max-video-preview:-1"},"canonical":"https:\/\/aksayplatform.com\/shop\/a-propos-de-nous\/","og_locale":"fr_FR","og_type":"article","og_title":"A propos de nous - Aksay Shop","og_description":"D\u00e9sol\u00e9, nous travaillons encore \u00e0 la r\u00e9alisation de cette page.","og_url":"https:\/\/aksayplatform.com\/shop\/a-propos-de-nous\/","og_site_name":"Aksay Shop","article_publisher":"https:\/\/www.facebook.com\/share\/16j2FCKecf\/","article_modified_time":"2025-07-04T20:44:36+00:00","twitter_card":"summary_large_image","twitter_misc":{"Dur\u00e9e de lecture estim\u00e9e":"1 minute"},"schema":{"@context":"https:\/\/schema.org","@graph":[{"@type":"WebPage","@id":"https:\/\/aksayplatform.com\/shop\/a-propos-de-nous\/","url":"https:\/\/aksayplatform.com\/shop\/a-propos-de-nous\/","name":"A propos de nous - Aksay Shop","isPartOf":{"@id":"https:\/\/aksayplatform.com\/shop\/#website"},"datePublished":"2025-07-02T19:02:22+00:00","dateModified":"2025-07-04T20:44:36+00:00","breadcrumb":{"@id":"https:\/\/aksayplatform.com\/shop\/a-propos-de-nous\/#breadcrumb"},"inLanguage":"fr-FR","potentialAction":[{"@type":"ReadAction","target":["https:\/\/aksayplatform.com\/shop\/a-propos-de-nous\/"]}]},{"@type":"BreadcrumbList","@id":"https:\/\/aksayplatform.com\/shop\/a-propos-de-nous\/#breadcrumb","itemListElement":[{"@type":"ListItem","position":1,"name":"Accueil","item":"https:\/\/aksayplatform.com\/shop\/"},{"@type":"ListItem","position":2,"name":"A propos de nous"}]},{"@type":"WebSite","@id":"https:\/\/aksayplatform.com\/shop\/#website","url":"https:\/\/aksayplatform.com\/shop\/","name":"Aksay Platform","description":"Plateforme N\u00b01 de digitalisation des business","publisher":{"@id":"https:\/\/aksayplatform.com\/shop\/#organization"},"potentialAction":[{"@type":"SearchAction","target":{"@type":"EntryPoint","urlTemplate":"https:\/\/aksayplatform.com\/shop\/?s={search_term_string}"},"query-input":{"@type":"PropertyValueSpecification","valueRequired":true,"valueName":"search_term_string"}}],"inLanguage":"fr-FR"},{"@type":"Organization","@id":"https:\/\/aksayplatform.com\/shop\/#organization","name":"Aksay Platform","url":"https:\/\/aksayplatform.com\/shop\/","logo":{"@type":"ImageObject","inLanguage":"fr-FR","@id":"https:\/\/aksayplatform.com\/shop\/#\/schema\/logo\/image\/","url":"https:\/\/aksayplatform.com\/shop\/wp-content\/uploads\/2025\/07\/Aksay-Platform-logo-transparent-pour-fond-blanc.png","contentUrl":"https:\/\/aksayplatform.com\/shop\/wp-content\/uploads\/2025\/07\/Aksay-Platform-logo-transparent-pour-fond-blanc.png","width":1080,"height":126,"caption":"Aksay Platform"},"image":{"@id":"https:\/\/aksayplatform.com\/shop\/#\/schema\/logo\/image\/"},"sameAs":["https:\/\/www.facebook.com\/share\/16j2FCKecf\/"]}]}},"_links":{"self":[{"href":"https:\/\/aksayplatform.com\/shop\/wp-json\/wp\/v2\/pages\/12","targetHints":{"allow":["GET"]}}],"collection":[{"href":"https:\/\/aksayplatform.com\/shop\/wp-json\/wp\/v2\/pages"}],"about":[{"href":"https:\/\/aksayplatform.com\/shop\/wp-json\/wp\/v2\/types\/page"}],"author":[{"embeddable":true,"href":"https:\/\/aksayplatform.com\/shop\/wp-json\/wp\/v2\/users\/1"}],"replies":[{"embeddable":true,"href":"https:\/\/aksayplatform.com\/shop\/wp-json\/wp\/v2\/comments?post=12"}],"version-history":[{"count":3,"href":"https:\/\/aksayplatform.com\/shop\/wp-json\/wp\/v2\/pages\/12\/revisions"}],"predecessor-version":[{"id":83,"href":"https:\/\/aksayplatform.com\/shop\/wp-json\/wp\/v2\/pages\/12\/revisions\/83"}],"wp:attachment":[{"href":"https:\/\/aksayplatform.com\/shop\/wp-json\/wp\/v2\/media?parent=12"}],"curies":[{"name":"wp","href":"https:\/\/api.w.org\/{rel}","templated":true}]}}